{"id":16083,"date":"2020-11-04T09:40:47","date_gmt":"2020-11-04T19:40:47","guid":{"rendered":"https:\/\/crdg.hawaii.edu\/products\/?page_id=16083"},"modified":"2021-07-21T17:43:22","modified_gmt":"2021-07-22T03:43:22","slug":"crdg-event","status":"publish","type":"page","link":"https:\/\/crdg.hawaii.edu\/products\/crdg-event\/","title":{"rendered":"CRDG Event"},"content":{"rendered":"\n\n\t<h2>Books by Local Authors<\/h2>\n\t\t<ul>\n<li>\n\tSale!\n\t<a href=\"https:\/\/crdg.hawaii.edu\/products\/math-explorers-who-has-more\/\"><img decoding=\"async\" width=\"300\" height=\"300\" src=\"https:\/\/crdg.hawaii.edu\/products\/wp-content\/uploads\/2020\/09\/Lani-Rabbert-book-cover-300x300.jpg\" alt=\"Who_Has_More_cover\" loading=\"lazy\" srcset=\"https:\/\/crdg.hawaii.edu\/products\/wp-content\/uploads\/2020\/09\/Lani-Rabbert-book-cover-300x300.jpg 300w, https:\/\/crdg.hawaii.edu\/products\/wp-content\/uploads\/2020\/09\/Lani-Rabbert-book-cover-150x150.jpg 150w, https:\/\/crdg.hawaii.edu\/products\/wp-content\/uploads\/2020\/09\/Lani-Rabbert-book-cover-768x768.jpg 768w, https:\/\/crdg.hawaii.edu\/products\/wp-content\/uploads\/2020\/09\/Lani-Rabbert-book-cover-448x448.jpg 448w, https:\/\/crdg.hawaii.edu\/products\/wp-content\/uploads\/2020\/09\/Lani-Rabbert-book-cover-600x600.jpg 600w, https:\/\/crdg.hawaii.edu\/products\/wp-content\/uploads\/2020\/09\/Lani-Rabbert-book-cover-100x100.jpg 100w, https:\/\/crdg.hawaii.edu\/products\/wp-content\/uploads\/2020\/09\/Lani-Rabbert-book-cover.jpg 800w\" sizes=\"auto, (max-width: 300px) 100vw, 300px\" \/><\/a>\t\t\t\n\t\t\t\tChildren&#039;s Books\t\t\t\n\t\t\t<a href=\"https:\/\/crdg.hawaii.edu\/products\/math-explorers-who-has-more\/\"><h3>Who Has More? The Great Flood<\/h3><\/a>\n\t<bdi>&#36;7.20<\/bdi> &ndash; <bdi>&#36;12.00<\/bdi>\n<a href=\"https:\/\/crdg.hawaii.edu\/products\/math-explorers-who-has-more\/\" data-quantity=\"1\" data-product_id=\"16032\" data-product_sku=\"\" aria-label=\"Select options for &ldquo;Who Has More? The Great Flood&rdquo;\" rel=\"nofollow\">Select options<\/a>\t\n<\/li>\n<li>\n\t\t<a href=\"https:\/\/crdg.hawaii.edu\/products\/nsights-math-games\/\"><img decoding=\"async\" width=\"300\" height=\"300\" src=\"https:\/\/crdg.hawaii.edu\/products\/wp-content\/uploads\/2019\/10\/Nsights-book-300x300.jpg\" alt=\"N Sights cover graphic\" loading=\"lazy\" srcset=\"https:\/\/crdg.hawaii.edu\/products\/wp-content\/uploads\/2019\/10\/Nsights-book-300x300.jpg 300w, https:\/\/crdg.hawaii.edu\/products\/wp-content\/uploads\/2019\/10\/Nsights-book-150x150.jpg 150w, https:\/\/crdg.hawaii.edu\/products\/wp-content\/uploads\/2019\/10\/Nsights-book-768x768.jpg 768w, https:\/\/crdg.hawaii.edu\/products\/wp-content\/uploads\/2019\/10\/Nsights-book-448x448.jpg 448w, https:\/\/crdg.hawaii.edu\/products\/wp-content\/uploads\/2019\/10\/Nsights-book-600x600.jpg 600w, https:\/\/crdg.hawaii.edu\/products\/wp-content\/uploads\/2019\/10\/Nsights-book-100x100.jpg 100w, https:\/\/crdg.hawaii.edu\/products\/wp-content\/uploads\/2019\/10\/Nsights-book.jpg 800w\" sizes=\"auto, (max-width: 300px) 100vw, 300px\" \/><\/a>\t\t\t\n\t\t\t\tCurriculum\t\t\t\n\t\t\t<a href=\"https:\/\/crdg.hawaii.edu\/products\/nsights-math-games\/\"><h3>N^Sights Math Games for Conceptual Understanding<\/h3><\/a>\n\t<bdi>&#36;2.00<\/bdi> &ndash; <bdi>&#36;14.99<\/bdi>\n<a href=\"https:\/\/crdg.hawaii.edu\/products\/nsights-math-games\/\" data-quantity=\"1\" data-product_id=\"10405\" data-product_sku=\"\" aria-label=\"Select options for &ldquo;N^Sights Math Games for Conceptual Understanding&rdquo;\" rel=\"nofollow\">Select options<\/a>\t\n<\/li>\n<li>\n\tSale!\n\t<a href=\"https:\/\/crdg.hawaii.edu\/products\/emmas-adventure-worktrip\/\"><img decoding=\"async\" width=\"300\" height=\"300\" src=\"https:\/\/crdg.hawaii.edu\/products\/wp-content\/uploads\/2019\/03\/emmas-adventure.jpg\" alt=\"Emma&#039;s adventure book cover graphic\" loading=\"lazy\" \/><\/a>\t\t\t\n\t\t\t\tChildren&#039;s Books\t\t\t\n\t\t\t<a href=\"https:\/\/crdg.hawaii.edu\/products\/emmas-adventure-worktrip\/\"><h3>Emma&#8217;s Adventure: Mommy&#8217;s Work Trip<\/h3><\/a>\n\t<bdi>&#36;8.00<\/bdi> &ndash; <bdi>&#36;12.00<\/bdi>\n<a href=\"https:\/\/crdg.hawaii.edu\/products\/emmas-adventure-worktrip\/\" data-quantity=\"1\" data-product_id=\"1609\" data-product_sku=\"PEA101\" aria-label=\"Select options for &ldquo;Emma&#039;s Adventure: Mommy&#039;s Work Trip&rdquo;\" rel=\"nofollow\">Select options<\/a>\t\n<\/li>\n<li>\n\t\t<a href=\"https:\/\/crdg.hawaii.edu\/products\/history-of-hawaii-3rd-edition\/\"><img decoding=\"async\" width=\"300\" height=\"300\" src=\"https:\/\/crdg.hawaii.edu\/products\/wp-content\/uploads\/2019\/03\/hoh.jpg\" alt=\"a history of hawaii book cover\" loading=\"lazy\" \/><\/a>\t\t\t\n\t\t\t\tCurriculum\t\t\t\n\t\t\t<a href=\"https:\/\/crdg.hawaii.edu\/products\/history-of-hawaii-3rd-edition\/\"><h3>A History Of Hawai&#8217;i, 3rd Ed., Student Book<\/h3><\/a>\n\t<bdi>&#36;44.00<\/bdi> &ndash; <bdi>&#36;88.00<\/bdi>\n<a href=\"https:\/\/crdg.hawaii.edu\/products\/history-of-hawaii-3rd-edition\/\" data-quantity=\"1\" data-product_id=\"1601\" data-product_sku=\"SS218\" aria-label=\"Select options for &ldquo;A History Of Hawai&#039;i, 3rd Ed., Student Book&rdquo;\" rel=\"nofollow\">Select options<\/a>\t\n<\/li>\n<li>\n\t\t<a href=\"https:\/\/crdg.hawaii.edu\/products\/field-guide-to-hawaii-coastal-organisms\/\"><img decoding=\"async\" width=\"300\" height=\"300\" src=\"https:\/\/crdg.hawaii.edu\/products\/wp-content\/uploads\/2019\/03\/opihi.jpg\" alt=\"hawaii coastal organisms field guide cover\" loading=\"lazy\" \/><\/a>\t\t\t\n\t\t\t\tCurriculum\t\t\t\n\t\t\t<a href=\"https:\/\/crdg.hawaii.edu\/products\/field-guide-to-hawaii-coastal-organisms\/\"><h3>A Field Guide to Hawai&#8217;i&#8217;s Coastal Organisms: Algae and Invertebrates<\/h3><\/a>\n\t<bdi>&#36;14.95<\/bdi>\n<a href=\"?add-to-cart=1551\" data-quantity=\"1\" data-product_id=\"1551\" data-product_sku=\"SC101\" aria-label=\"Add &ldquo;A Field Guide to Hawai'i's Coastal Organisms: Algae and Invertebrates&rdquo; to your cart\" rel=\"nofollow\">Add to cart<\/a>\t\n<\/li>\n<li>\n\t\t<a href=\"https:\/\/crdg.hawaii.edu\/products\/reflections-of-honor-story-of-a-nisei-spy\/\"><img decoding=\"async\" width=\"300\" height=\"300\" src=\"https:\/\/crdg.hawaii.edu\/products\/wp-content\/uploads\/2019\/03\/reflections-of-honor-book.jpg\" alt=\"reflections of honor book cover\" loading=\"lazy\" \/><\/a>\t\t\t\n\t\t\t\tCurriculum\t\t\t\n\t\t\t<a href=\"https:\/\/crdg.hawaii.edu\/products\/reflections-of-honor-story-of-a-nisei-spy\/\"><h3>Reflections of Honor: The Untold Story of a Nisei Spy<\/h3><\/a>\n\t<bdi>&#36;14.00<\/bdi> &ndash; <bdi>&#36;20.00<\/bdi>\n<a href=\"https:\/\/crdg.hawaii.edu\/products\/reflections-of-honor-story-of-a-nisei-spy\/\" data-quantity=\"1\" data-product_id=\"1485\" data-product_sku=\"SS501\" aria-label=\"Select options for &ldquo;Reflections of Honor: The Untold Story of a Nisei Spy&rdquo;\" rel=\"nofollow\">Select options<\/a>\t\n<\/li>\n<li>\n\t\t<a href=\"https:\/\/crdg.hawaii.edu\/products\/aloha-traditions-of-love-affection\/\"><img decoding=\"async\" width=\"300\" height=\"300\" src=\"https:\/\/crdg.hawaii.edu\/products\/wp-content\/uploads\/2019\/03\/aloha-traditions-love-affection.jpg\" alt=\"aloha traditions of love and affection book cover\" loading=\"lazy\" \/><\/a>\t\t\t\n\t\t\t\tCurriculum\t\t\t\n\t\t\t<a href=\"https:\/\/crdg.hawaii.edu\/products\/aloha-traditions-of-love-affection\/\"><h3>Aloha: Traditions of Love and Affection<\/h3><\/a>\n\t<bdi>&#36;7.00<\/bdi> &ndash; <bdi>&#36;10.00<\/bdi>\n<a href=\"https:\/\/crdg.hawaii.edu\/products\/aloha-traditions-of-love-affection\/\" data-quantity=\"1\" data-product_id=\"1331\" data-product_sku=\"KW113\" aria-label=\"Select options for &ldquo;Aloha: Traditions of Love and Affection&rdquo;\" rel=\"nofollow\">Select options<\/a>\t\n<\/li>\n<li>\n\t\t<a href=\"https:\/\/crdg.hawaii.edu\/products\/no-na-mano-hawaiian-beliefs-practices\/\"><img decoding=\"async\" width=\"300\" height=\"300\" src=\"https:\/\/crdg.hawaii.edu\/products\/wp-content\/uploads\/2019\/03\/nonamamo.jpg\" alt=\"no na mamo book cover\" loading=\"lazy\" \/><\/a>\t\t\t\n\t\t\t\tCurriculum\t\t\t\n\t\t\t<a href=\"https:\/\/crdg.hawaii.edu\/products\/no-na-mano-hawaiian-beliefs-practices\/\"><h3>No N\u0101 Mamo: Traditional and Contemporary Hawaiian Beliefs and Practices<\/h3><\/a>\n\t<bdi>&#36;45.00<\/bdi>\n<a href=\"?add-to-cart=1317\" data-quantity=\"1\" data-product_id=\"1317\" data-product_sku=\"KW120\" aria-label=\"Add &ldquo;No N\u0101 Mamo: Traditional and Contemporary Hawaiian Beliefs and Practices&rdquo; to your cart\" rel=\"nofollow\">Add to cart<\/a>\t\n<\/li>\n<li>\n\t\t<a href=\"https:\/\/crdg.hawaii.edu\/products\/ola-tradition-concepts-of-health-and-healing\/\"><img decoding=\"async\" width=\"300\" height=\"300\" src=\"https:\/\/crdg.hawaii.edu\/products\/wp-content\/uploads\/2019\/03\/ola-health-healing.jpg\" alt=\"ola health and healing book cover\" loading=\"lazy\" \/><\/a>\t\t\t\n\t\t\t\tCurriculum\t\t\t\n\t\t\t<a href=\"https:\/\/crdg.hawaii.edu\/products\/ola-tradition-concepts-of-health-and-healing\/\"><h3>Ola: Traditional Concepts of Health and Healing<\/h3><\/a>\n\t<bdi>&#36;7.00<\/bdi> &ndash; <bdi>&#36;10.00<\/bdi>\n<a href=\"https:\/\/crdg.hawaii.edu\/products\/ola-tradition-concepts-of-health-and-healing\/\" data-quantity=\"1\" data-product_id=\"1163\" data-product_sku=\"KW104\" aria-label=\"Select options for &ldquo;Ola: Traditional Concepts of Health and Healing&rdquo;\" rel=\"nofollow\">Select options<\/a>\t\n<\/li>\n<li>\n\t\t<a href=\"https:\/\/crdg.hawaii.edu\/products\/to-find-the-way\/\"><img decoding=\"async\" width=\"300\" height=\"300\" src=\"https:\/\/crdg.hawaii.edu\/products\/wp-content\/uploads\/2019\/03\/to-find-the-way.jpg\" alt=\"to find the way book cover\" loading=\"lazy\" \/><\/a>\t\t\t\n\t\t\t\tChildren&#039;s Books\t\t\t\n\t\t\t<a href=\"https:\/\/crdg.hawaii.edu\/products\/to-find-the-way\/\"><h3>To Find the Way<\/h3><\/a>\n\t<bdi>&#36;16.99<\/bdi>\n<a href=\"?add-to-cart=1141\" data-quantity=\"1\" data-product_id=\"1141\" data-product_sku=\"SS210\" aria-label=\"Add &ldquo;To Find the Way&rdquo; to your cart\" rel=\"nofollow\">Add to cart<\/a>\t\n<\/li>\n<li>\n\t\t<a href=\"https:\/\/crdg.hawaii.edu\/products\/hapainaleo\/\"><img decoding=\"async\" width=\"300\" height=\"300\" src=\"https:\/\/crdg.hawaii.edu\/products\/wp-content\/uploads\/2019\/03\/hapai-na-leo.jpg\" alt=\"hapai na leo book cover\" loading=\"lazy\" \/><\/a>\t\t\t\n\t\t\t\tCurriculum\t\t\t\n\t\t\t<a href=\"https:\/\/crdg.hawaii.edu\/products\/hapainaleo\/\"><h3>H\u0101pai n\u0101 Leo<\/h3><\/a>\n\t<bdi>&#36;25.00<\/bdi>\n<a href=\"?add-to-cart=885\" data-quantity=\"1\" data-product_id=\"885\" data-product_sku=\"KW201\" aria-label=\"Add &ldquo;H\u0101pai n\u0101 Leo&rdquo; to your cart\" rel=\"nofollow\">Add to cart<\/a>\t\n<\/li>\n<li>\n\t\t<a href=\"https:\/\/crdg.hawaii.edu\/products\/hewa-wrong-way-of-living\/\"><img decoding=\"async\" width=\"300\" height=\"300\" src=\"https:\/\/crdg.hawaii.edu\/products\/wp-content\/uploads\/2019\/03\/hewa-wrong-way-of-living.jpg\" alt=\"hewa the wrong way of living book cover\" loading=\"lazy\" \/><\/a>\t\t\t\n\t\t\t\tCurriculum\t\t\t\n\t\t\t<a href=\"https:\/\/crdg.hawaii.edu\/products\/hewa-wrong-way-of-living\/\"><h3>Hewa: The Wrong Way of Living<\/h3><\/a>\n\t<bdi>&#36;7.00<\/bdi> &ndash; <bdi>&#36;10.00<\/bdi>\n<a href=\"https:\/\/crdg.hawaii.edu\/products\/hewa-wrong-way-of-living\/\" data-quantity=\"1\" data-product_id=\"877\" data-product_sku=\"KW111\" aria-label=\"Select options for &ldquo;Hewa: The Wrong Way of Living&rdquo;\" rel=\"nofollow\">Select options<\/a>\t\n<\/li>\n<li>\n\t\t<a href=\"https:\/\/crdg.hawaii.edu\/products\/kapu-gender-roles-in-traditional-society\/\"><img decoding=\"async\" width=\"300\" height=\"300\" src=\"https:\/\/crdg.hawaii.edu\/products\/wp-content\/uploads\/2019\/03\/kapu-gender-roles.jpg\" alt=\"kapu gender roles book cover\" loading=\"lazy\" \/><\/a>\t\t\t\n\t\t\t\tCurriculum\t\t\t\n\t\t\t<a href=\"https:\/\/crdg.hawaii.edu\/products\/kapu-gender-roles-in-traditional-society\/\"><h3>Kapu: Gender Roles in Traditional Society<\/h3><\/a>\n\t<bdi>&#36;7.00<\/bdi> &ndash; <bdi>&#36;10.00<\/bdi>\n<a href=\"https:\/\/crdg.hawaii.edu\/products\/kapu-gender-roles-in-traditional-society\/\" data-quantity=\"1\" data-product_id=\"869\" data-product_sku=\"KW110\" aria-label=\"Select options for &ldquo;Kapu: Gender Roles in Traditional Society&rdquo;\" rel=\"nofollow\">Select options<\/a>\t\n<\/li>\n<li>\n\t\t<a href=\"https:\/\/crdg.hawaii.edu\/products\/hoonohonoho-traditional-ways-of-cultural-management\/\"><img decoding=\"async\" width=\"300\" height=\"300\" src=\"https:\/\/crdg.hawaii.edu\/products\/wp-content\/uploads\/2019\/03\/hoonohonoho-cultural-mngmnt.jpg\" alt=\"hoonohonoho culutural management book cover\" loading=\"lazy\" \/><\/a>\t\t\t\n\t\t\t\tCurriculum\t\t\t\n\t\t\t<a href=\"https:\/\/crdg.hawaii.edu\/products\/hoonohonoho-traditional-ways-of-cultural-management\/\"><h3>Ho&#8217;onohonoho: Traditional Ways of Cultural Management<\/h3><\/a>\n\t<bdi>&#36;7.00<\/bdi> &ndash; <bdi>&#36;10.00<\/bdi>\n<a href=\"https:\/\/crdg.hawaii.edu\/products\/hoonohonoho-traditional-ways-of-cultural-management\/\" data-quantity=\"1\" data-product_id=\"861\" data-product_sku=\"KW109\" aria-label=\"Select options for &ldquo;Ho'onohonoho: Traditional Ways of Cultural Management&rdquo;\" rel=\"nofollow\">Select options<\/a>\t\n<\/li>\n<li>\n\t\t<a href=\"https:\/\/crdg.hawaii.edu\/products\/kakaolelo-traditions-of-oratory-speech-making\/\"><img decoding=\"async\" width=\"300\" height=\"300\" src=\"https:\/\/crdg.hawaii.edu\/products\/wp-content\/uploads\/2019\/03\/kakaolelo-oratory-speech.jpg\" alt=\"kakaolelo oratory and speech book cover\" loading=\"lazy\" \/><\/a>\t\t\t\n\t\t\t\tCurriculum\t\t\t\n\t\t\t<a href=\"https:\/\/crdg.hawaii.edu\/products\/kakaolelo-traditions-of-oratory-speech-making\/\"><h3>K\u0101k\u0101&#8217;\u014dlelo: Traditions of Oratory and Speech Making<\/h3><\/a>\n\t<bdi>&#36;7.00<\/bdi> &ndash; <bdi>&#36;10.00<\/bdi>\n<a href=\"https:\/\/crdg.hawaii.edu\/products\/kakaolelo-traditions-of-oratory-speech-making\/\" data-quantity=\"1\" data-product_id=\"853\" data-product_sku=\"KW108\" aria-label=\"Select options for &ldquo;K\u0101k\u0101'\u014dlelo: Traditions of Oratory and Speech Making&rdquo;\" rel=\"nofollow\">Select options<\/a>\t\n<\/li>\n<li>\n\t\t<a href=\"https:\/\/crdg.hawaii.edu\/products\/alakai-traditional-leadership\/\"><img decoding=\"async\" width=\"300\" height=\"300\" src=\"https:\/\/crdg.hawaii.edu\/products\/wp-content\/uploads\/2019\/03\/alakai-traditional-leadership.jpg\" alt=\"alakai traditional leadership book cover\" loading=\"lazy\" \/><\/a>\t\t\t\n\t\t\t\tCurriculum\t\t\t\n\t\t\t<a href=\"https:\/\/crdg.hawaii.edu\/products\/alakai-traditional-leadership\/\"><h3>Alaka&#8217;i: Traditional Leadership<\/h3><\/a>\n\t<bdi>&#36;7.00<\/bdi> &ndash; <bdi>&#36;10.00<\/bdi>\n<a href=\"https:\/\/crdg.hawaii.edu\/products\/alakai-traditional-leadership\/\" data-quantity=\"1\" data-product_id=\"845\" data-product_sku=\"KW107\" aria-label=\"Select options for &ldquo;Alaka'i: Traditional Leadership&rdquo;\" rel=\"nofollow\">Select options<\/a>\t\n<\/li>\n<li>\n\t\t<a href=\"https:\/\/crdg.hawaii.edu\/products\/hoomana-understanding-sacred-and-spiritual\/\"><img decoding=\"async\" width=\"300\" height=\"300\" src=\"https:\/\/crdg.hawaii.edu\/products\/wp-content\/uploads\/2019\/03\/hoomana-sacred-spiritual.jpg\" alt=\"hoomana sacred and spiritual book cover\" loading=\"lazy\" \/><\/a>\t\t\t\n\t\t\t\tCurriculum\t\t\t\n\t\t\t<a href=\"https:\/\/crdg.hawaii.edu\/products\/hoomana-understanding-sacred-and-spiritual\/\"><h3>Ho&#8217;omana: Understanding the Sacred and Spiritual<\/h3><\/a>\n\t<bdi>&#36;7.00<\/bdi> &ndash; <bdi>&#36;10.00<\/bdi>\n<a href=\"https:\/\/crdg.hawaii.edu\/products\/hoomana-understanding-sacred-and-spiritual\/\" data-quantity=\"1\" data-product_id=\"837\" data-product_sku=\"KW106\" aria-label=\"Select options for &ldquo;Ho'omana: Understanding the Sacred and Spiritual&rdquo;\" rel=\"nofollow\">Select options<\/a>\t\n<\/li>\n<li>\n\t\t<a href=\"https:\/\/crdg.hawaii.edu\/products\/hooponopono-traditional-ways-of-healing\/\"><img decoding=\"async\" width=\"300\" height=\"300\" src=\"https:\/\/crdg.hawaii.edu\/products\/wp-content\/uploads\/2019\/03\/hoponopono-healing-right.jpg\" alt=\"hoponopono healing right book cover\" loading=\"lazy\" \/><\/a>\t\t\t\n\t\t\t\tCurriculum\t\t\t\n\t\t\t<a href=\"https:\/\/crdg.hawaii.edu\/products\/hooponopono-traditional-ways-of-healing\/\"><h3>Ho&#8217;oponopono: Traditional Ways of Healing to Make Things Right Again<\/h3><\/a>\n\t<bdi>&#36;7.00<\/bdi> &ndash; <bdi>&#36;10.00<\/bdi>\n<a href=\"https:\/\/crdg.hawaii.edu\/products\/hooponopono-traditional-ways-of-healing\/\" data-quantity=\"1\" data-product_id=\"829\" data-product_sku=\"KW105\" aria-label=\"Select options for &ldquo;Ho'oponopono: Traditional Ways of Healing to Make Things Right Again&rdquo;\" rel=\"nofollow\">Select options<\/a>\t\n<\/li>\n<li>\n\t\t<a href=\"https:\/\/crdg.hawaii.edu\/products\/ao-educational-traditions\/\"><img decoding=\"async\" width=\"300\" height=\"300\" src=\"https:\/\/crdg.hawaii.edu\/products\/wp-content\/uploads\/2019\/03\/ao-educational-traditions.jpg\" alt=\"ao educational traditions book cover\" loading=\"lazy\" \/><\/a>\t\t\t\n\t\t\t\tCurriculum\t\t\t\n\t\t\t<a href=\"https:\/\/crdg.hawaii.edu\/products\/ao-educational-traditions\/\"><h3>A&#8217;o: Educational Traditions<\/h3><\/a>\n\t<bdi>&#36;7.00<\/bdi> &ndash; <bdi>&#36;10.00<\/bdi>\n<a href=\"https:\/\/crdg.hawaii.edu\/products\/ao-educational-traditions\/\" data-quantity=\"1\" data-product_id=\"821\" data-product_sku=\"KW103\" aria-label=\"Select options for &ldquo;A'o: Educational Traditions&rdquo;\" rel=\"nofollow\">Select options<\/a>\t\n<\/li>\n<li>\n\t\t<a href=\"https:\/\/crdg.hawaii.edu\/products\/welina-traditional-and-contemporary-ways-of-welcome-hospitality\/\"><img decoding=\"async\" width=\"300\" height=\"300\" src=\"https:\/\/crdg.hawaii.edu\/products\/wp-content\/uploads\/2019\/03\/welina-hospitality.jpg\" alt=\"welina hospitality book cover\" loading=\"lazy\" \/><\/a>\t\t\t\n\t\t\t\tCurriculum\t\t\t\n\t\t\t<a href=\"https:\/\/crdg.hawaii.edu\/products\/welina-traditional-and-contemporary-ways-of-welcome-hospitality\/\"><h3>Welina: Traditional and Contemporary Ways of Welcome and Hospitality<\/h3><\/a>\n\t<bdi>&#36;7.00<\/bdi> &ndash; <bdi>&#36;10.00<\/bdi>\n<a href=\"https:\/\/crdg.hawaii.edu\/products\/welina-traditional-and-contemporary-ways-of-welcome-hospitality\/\" data-quantity=\"1\" data-product_id=\"813\" data-product_sku=\"KW102\" aria-label=\"Select options for &ldquo;Welina: Traditional and Contemporary Ways of Welcome and Hospitality&rdquo;\" rel=\"nofollow\">Select options<\/a>\t\n<\/li>\n<li>\n\t\t<a href=\"https:\/\/crdg.hawaii.edu\/products\/pono-way-of-living\/\"><img decoding=\"async\" width=\"300\" height=\"300\" src=\"https:\/\/crdg.hawaii.edu\/products\/wp-content\/uploads\/2019\/03\/pono-way-of-living.jpg\" alt=\"pono the right way of living book cover\" loading=\"lazy\" \/><\/a>\t\t\t\n\t\t\t\tCurriculum\t\t\t\n\t\t\t<a href=\"https:\/\/crdg.hawaii.edu\/products\/pono-way-of-living\/\"><h3>Pono: The Way of Living<\/h3><\/a>\n\t<bdi>&#36;7.00<\/bdi> &ndash; <bdi>&#36;10.00<\/bdi>\n<a href=\"https:\/\/crdg.hawaii.edu\/products\/pono-way-of-living\/\" data-quantity=\"1\" data-product_id=\"806\" data-product_sku=\"KW101\" aria-label=\"Select options for &ldquo;Pono: The Way of Living&rdquo;\" rel=\"nofollow\">Select options<\/a>\t\n<\/li>\n<li>\n\t\t<a href=\"https:\/\/crdg.hawaii.edu\/products\/twelve-sky-maps\/\"><img decoding=\"async\" width=\"300\" height=\"300\" src=\"https:\/\/crdg.hawaii.edu\/products\/wp-content\/uploads\/2019\/03\/12-sky-maps.jpg\" alt=\"\" loading=\"lazy\" \/><\/a>\t\t\t\n\t\t\t\tCurriculum\t\t\t\n\t\t\t<a href=\"https:\/\/crdg.hawaii.edu\/products\/twelve-sky-maps\/\"><h3>Twelve Sky Maps<\/h3><\/a>\n\t<bdi>&#36;89.00<\/bdi>\n<a href=\"?add-to-cart=680\" data-quantity=\"1\" data-product_id=\"680\" data-product_sku=\"F309\" aria-label=\"Add &ldquo;Twelve Sky Maps&rdquo; to your cart\" rel=\"nofollow\">Add to cart<\/a>\t\n<\/li>\n<li>\n\t\t<a href=\"https:\/\/crdg.hawaii.edu\/products\/growing-up-local\/\"><img decoding=\"async\" width=\"300\" height=\"300\" src=\"https:\/\/crdg.hawaii.edu\/products\/wp-content\/uploads\/2019\/03\/growing-up-local.jpg\" alt=\"growing up local book cover\" loading=\"lazy\" \/><\/a>\t\t\t\n\t\t\t\tCurriculum\t\t\t\n\t\t\t<a href=\"https:\/\/crdg.hawaii.edu\/products\/growing-up-local\/\"><h3>Growing Up Local<\/h3><\/a>\n\t<bdi>&#36;26.00<\/bdi>\n<a href=\"?add-to-cart=532\" data-quantity=\"1\" data-product_id=\"532\" data-product_sku=\"E112\" aria-label=\"Add &ldquo;Growing Up Local&rdquo; to your cart\" rel=\"nofollow\">Add to cart<\/a>\t\n<\/li>\n<\/ul>\n\t\t<!--\n\t\t-->\n\t\t\t\t\t\t<a href=\"#\" id=\"uabb-quick-view-close\"><\/a>\n\n","protected":false},"excerpt":{"rendered":"<div class=\"entry-summary\">\n<div class=\"entry-summary\">\nBooks by Local Authors Sale! Children&#039;s Books Who Has More? The Great Flood &#36;7.20 &ndash; &#36;12.00 Select options Curriculum N^Sights Math Games for Conceptual Understanding &#36;2.00 &ndash; &#36;14.99 Select options Sale! Children&#039;s Books Emma&#8217;s Adventure: Mommy&#8217;s Work Trip &#36;8.00 &ndash;&hellip;\n<\/div>\n<div class=\"link-more\"><a href=\"https:\/\/crdg.hawaii.edu\/products\/crdg-event\/\" class=\"more-link\">Continue reading<span class=\"screen-reader-text\"> &ldquo;CRDG Event&rdquo;<\/span>&hellip;<\/a><\/div>\n<\/div>\n<div class=\"link-more\"><a href=\"https:\/\/crdg.hawaii.edu\/products\/crdg-event\/\" class=\"more-link\">Continue reading<span class=\"screen-reader-text\"> &ldquo;CRDG Event&rdquo;<\/span>&hellip;<\/a><\/div>\n","protected":false},"author":3,"featured_media":0,"parent":0,"menu_order":0,"comment_status":"closed","ping_status":"closed","template":"templates\/no-intro.php","meta":{"inline_featured_image":false,"footnotes":""},"class_list":["post-16083","page","type-page","status-publish","hentry","entry"],"wps_subtitle":"","_links":{"self":[{"href":"https:\/\/crdg.hawaii.edu\/products\/wp-json\/wp\/v2\/pages\/16083","targetHints":{"allow":["GET"]}}],"collection":[{"href":"https:\/\/crdg.hawaii.edu\/products\/wp-json\/wp\/v2\/pages"}],"about":[{"href":"https:\/\/crdg.hawaii.edu\/products\/wp-json\/wp\/v2\/types\/page"}],"author":[{"embeddable":true,"href":"https:\/\/crdg.hawaii.edu\/products\/wp-json\/wp\/v2\/users\/3"}],"replies":[{"embeddable":true,"href":"https:\/\/crdg.hawaii.edu\/products\/wp-json\/wp\/v2\/comments?post=16083"}],"version-history":[{"count":0,"href":"https:\/\/crdg.hawaii.edu\/products\/wp-json\/wp\/v2\/pages\/16083\/revisions"}],"wp:attachment":[{"href":"https:\/\/crdg.hawaii.edu\/products\/wp-json\/wp\/v2\/media?parent=16083"}],"curies":[{"name":"wp","href":"https:\/\/api.w.org\/{rel}","templated":true}]}}